{"id":42,"date":"2025-01-31T10:14:06","date_gmt":"2025-01-31T10:14:06","guid":{"rendered":"https:\/\/ajaxworldmagazine.com\/?page_id=42"},"modified":"2025-01-31T10:14:46","modified_gmt":"2025-01-31T10:14:46","slug":"over-het-bedrijf","status":"publish","type":"page","link":"https:\/\/ajaxworldmagazine.com\/ro\/over-het-bedrijf\/","title":{"rendered":"Despre companie"},"content":{"rendered":"<p>Bine a\u021bi venit pe ajaxworldmagazine.com, destina\u021bia voastr\u0103 ideal\u0103 pentru tot ce \u021bine de mod\u0103, stil \u0219i \u00eembr\u0103c\u0103minte. Fie c\u0103 sunte\u021bi un iubitor de mod\u0103 experimentat sau abia \u00eencepe\u021bi s\u0103 v\u0103 descoperi\u021bi stilul personal, a\u021bi ajuns la locul potrivit.<\/p>\n<p><img loading=\"lazy\" decoding=\"async\" class=\"aligncenter wp-image-44 size-full\" src=\"https:\/\/ajaxworldmagazine.com\/wp-content\/uploads\/photo-new.jpg\" alt=\"\" width=\"612\" height=\"394\" srcset=\"https:\/\/ajaxworldmagazine.com\/wp-content\/uploads\/photo-new.jpg 612w, https:\/\/ajaxworldmagazine.com\/wp-content\/uploads\/photo-new-300x193.jpg 300w\" sizes=\"auto, (max-width: 612px) 100vw, 612px\" \/><\/p>\n<h2>Ce pute\u021bi g\u0103si pe blogul nostru<\/h2>\n<p>Blogul nostru ofer\u0103 o gam\u0103 larg\u0103 de articole concepute pentru a v\u0103 inspira \u0219i a v\u0103 informa despre lumea dinamic\u0103 a modei. Iat\u0103 o mostr\u0103 din ceea ce v\u0103 pute\u021bi a\u0219tepta:<\/p>\n<ul>\n<li>Analiza tendin\u021belor: Descoper\u0103 cele mai recente tendin\u021be \u00een mod\u0103 \u0219i cum s\u0103 le integrezi \u00een propriul stil.<\/li>\n<li>Sfaturi de stil: trucuri \u0219i trucuri pentru a crea \u021binute care s\u0103 se potriveasc\u0103 gusturilor tale personale.<\/li>\n<li>Ghiduri vestimentare: Ghiduri utile pentru alegerea hainelor potrivite pentru fiecare ocazie.<\/li>\n<li>Mod\u0103 sustenabil\u0103: Informa\u021bii despre m\u0103rci ecologice \u0219i cump\u0103r\u0103turi etice.<\/li>\n<li>Pove\u0219ti inspira\u021bionale: Interviuri \u0219i profiluri ale unor persoane influente din lumea modei.<\/li>\n<\/ul>\n<h2>Misiunea noastr\u0103<\/h2>\n<p>Ne propunem s\u0103 celebr\u0103m moda ca form\u0103 de autoexprimare. Credem c\u0103 \u00eembr\u0103c\u0103mintea este mai mult dec\u00e2t ceva ce por\u021bi; este o modalitate de a-\u021bi exprima personalitatea \u0219i creativitatea. Misiunea noastr\u0103 este s\u0103 te ajut\u0103m s\u0103 descoperi \u0219i s\u0103 \u00eembr\u0103\u021bi\u0219ezi stilul t\u0103u unic, oferindu-\u021bi \u00een acela\u0219i timp cele mai recente informa\u021bii \u0219i inspira\u021bie din lumea modei.<\/p>\n<h2>Contacta\u0163i-ne<\/h2>\n<p>Ne-ar pl\u0103cea s\u0103 auzim p\u0103rerea ta! Ai \u00eentreb\u0103ri, sugestii sau pur \u0219i simplu vrei s\u0103 ne \u00eemp\u0103rt\u0103\u0219e\u0219ti dragostea ta pentru mod\u0103? Trimite-ne un mesaj prin <a href=\"mailto:info@ajaxworldmagazine.com\">info@ajaxworldmagazine.com<\/a>\u00cempreun\u0103 facem moda \u0219i mai distractiv\u0103 \u0219i mai inspiratoare!<\/p>","protected":false},"excerpt":{"rendered":"<p>Bine a\u021bi venit pe ajaxworldmagazine.com, destina\u021bia voastr\u0103 suprem\u0103 pentru tot ce \u021bine de mod\u0103, stil \u0219i \u00eembr\u0103c\u0103minte. Fie c\u0103 sunte\u021bi un pasionat de mod\u0103 experimentat sau abia \u00eencepe\u021bi s\u0103 v\u0103 descoperi\u021bi stilul personal, a\u021bi ajuns la locul potrivit. Ce ve\u021bi g\u0103si pe blogul nostru: Blogul nostru ofer\u0103 o gam\u0103 larg\u0103 de articole concepute pentru...<\/p>","protected":false},"author":1,"featured_media":0,"parent":0,"menu_order":0,"comment_status":"closed","ping_status":"closed","template":"","meta":{"_acf_changed":false,"footnotes":""},"class_list":["post-42","page","type-page","status-publish","hentry"],"acf":[],"yoast_head":"<!-- This site is optimized with the Yoast SEO plugin v23.2 - https:\/\/yoast.com\/wordpress\/plugins\/seo\/ -->\n<title>Over het bedrijf - ajaxworldmagazine.com<\/title>\n<meta name=\"robots\" content=\"index, follow, max-snippet:-1, max-image-preview:large, max-video-preview:-1\" \/>\n<link rel=\"canonical\" href=\"https:\/\/ajaxworldmagazine.com\/ro\/over-het-bedrijf\/\" \/>\n<meta property=\"og:locale\" content=\"ro_RO\" \/>\n<meta property=\"og:type\" content=\"article\" \/>\n<meta property=\"og:title\" content=\"Over het bedrijf - ajaxworldmagazine.com\" \/>\n<meta property=\"og:description\" content=\"Welkom bij ajaxworldmagazine.com, jouw ultieme bestemming voor alles op het gebied van mode, stijl en kleding. Of je nu een doorgewinterde modeliefhebber bent of net begint met het ontdekken van jouw persoonlijke stijl, je bent hier aan het juiste adres. Wat je kunt vinden op onze blog Onze blog biedt een breed scala aan artikelen die zijn ontworpen om je&#046;&#046;&#046;\" \/>\n<meta property=\"og:url\" content=\"https:\/\/ajaxworldmagazine.com\/ro\/over-het-bedrijf\/\" \/>\n<meta property=\"og:site_name\" content=\"ajaxworldmagazine.com\" \/>\n<meta property=\"article:modified_time\" content=\"2025-01-31T10:14:46+00:00\" \/>\n<meta property=\"og:image\" content=\"https:\/\/ajaxworldmagazine.com\/wp-content\/uploads\/photo-new.jpg\" \/>\n<meta name=\"twitter:card\" content=\"summary_large_image\" \/>\n<meta name=\"twitter:label1\" content=\"Timp estimat pentru citire\" \/>\n\t<meta name=\"twitter:data1\" content=\"2 minute\" \/>\n<script type=\"application\/ld+json\" class=\"yoast-schema-graph\">{\"@context\":\"https:\/\/schema.org\",\"@graph\":[{\"@type\":\"WebPage\",\"@id\":\"https:\/\/ajaxworldmagazine.com\/over-het-bedrijf\/\",\"url\":\"https:\/\/ajaxworldmagazine.com\/over-het-bedrijf\/\",\"name\":\"Over het bedrijf - ajaxworldmagazine.com\",\"isPartOf\":{\"@id\":\"https:\/\/ajaxworldmagazine.com\/#website\"},\"primaryImageOfPage\":{\"@id\":\"https:\/\/ajaxworldmagazine.com\/over-het-bedrijf\/#primaryimage\"},\"image\":{\"@id\":\"https:\/\/ajaxworldmagazine.com\/over-het-bedrijf\/#primaryimage\"},\"thumbnailUrl\":\"https:\/\/ajaxworldmagazine.com\/wp-content\/uploads\/photo-new.jpg\",\"datePublished\":\"2025-01-31T10:14:06+00:00\",\"dateModified\":\"2025-01-31T10:14:46+00:00\",\"breadcrumb\":{\"@id\":\"https:\/\/ajaxworldmagazine.com\/over-het-bedrijf\/#breadcrumb\"},\"inLanguage\":\"ro-RO\",\"potentialAction\":[{\"@type\":\"ReadAction\",\"target\":[\"https:\/\/ajaxworldmagazine.com\/over-het-bedrijf\/\"]}]},{\"@type\":\"ImageObject\",\"inLanguage\":\"ro-RO\",\"@id\":\"https:\/\/ajaxworldmagazine.com\/over-het-bedrijf\/#primaryimage\",\"url\":\"https:\/\/ajaxworldmagazine.com\/wp-content\/uploads\/photo-new.jpg\",\"contentUrl\":\"https:\/\/ajaxworldmagazine.com\/wp-content\/uploads\/photo-new.jpg\"},{\"@type\":\"BreadcrumbList\",\"@id\":\"https:\/\/ajaxworldmagazine.com\/over-het-bedrijf\/#breadcrumb\",\"itemListElement\":[{\"@type\":\"ListItem\",\"position\":1,\"name\":\"Home\",\"item\":\"https:\/\/ajaxworldmagazine.com\/\"},{\"@type\":\"ListItem\",\"position\":2,\"name\":\"Over het bedrijf\"}]},{\"@type\":\"WebSite\",\"@id\":\"https:\/\/ajaxworldmagazine.com\/#website\",\"url\":\"https:\/\/ajaxworldmagazine.com\/\",\"name\":\"ajaxworldmagazine.com\",\"description\":\"Ontdek de nieuwste modetrends, stijlinspiratie en kledingadvies voor elke gelegenheid!\",\"potentialAction\":[{\"@type\":\"SearchAction\",\"target\":{\"@type\":\"EntryPoint\",\"urlTemplate\":\"https:\/\/ajaxworldmagazine.com\/?s={search_term_string}\"},\"query-input\":\"required name=search_term_string\"}],\"inLanguage\":\"ro-RO\"}]}<\/script>\n<!-- \/ Yoast SEO plugin. -->","yoast_head_json":{"title":"Over het bedrijf - ajaxworldmagazine.com","robots":{"index":"index","follow":"follow","max-snippet":"max-snippet:-1","max-image-preview":"max-image-preview:large","max-video-preview":"max-video-preview:-1"},"canonical":"https:\/\/ajaxworldmagazine.com\/ro\/over-het-bedrijf\/","og_locale":"ro_RO","og_type":"article","og_title":"Over het bedrijf - ajaxworldmagazine.com","og_description":"Welkom bij ajaxworldmagazine.com, jouw ultieme bestemming voor alles op het gebied van mode, stijl en kleding. Of je nu een doorgewinterde modeliefhebber bent of net begint met het ontdekken van jouw persoonlijke stijl, je bent hier aan het juiste adres. Wat je kunt vinden op onze blog Onze blog biedt een breed scala aan artikelen die zijn ontworpen om je&#46;&#46;&#46;","og_url":"https:\/\/ajaxworldmagazine.com\/ro\/over-het-bedrijf\/","og_site_name":"ajaxworldmagazine.com","article_modified_time":"2025-01-31T10:14:46+00:00","og_image":[{"url":"https:\/\/ajaxworldmagazine.com\/wp-content\/uploads\/photo-new.jpg"}],"twitter_card":"summary_large_image","twitter_misc":{"Timp estimat pentru citire":"2 minute"},"schema":{"@context":"https:\/\/schema.org","@graph":[{"@type":"WebPage","@id":"https:\/\/ajaxworldmagazine.com\/over-het-bedrijf\/","url":"https:\/\/ajaxworldmagazine.com\/over-het-bedrijf\/","name":"Over het bedrijf - ajaxworldmagazine.com","isPartOf":{"@id":"https:\/\/ajaxworldmagazine.com\/#website"},"primaryImageOfPage":{"@id":"https:\/\/ajaxworldmagazine.com\/over-het-bedrijf\/#primaryimage"},"image":{"@id":"https:\/\/ajaxworldmagazine.com\/over-het-bedrijf\/#primaryimage"},"thumbnailUrl":"https:\/\/ajaxworldmagazine.com\/wp-content\/uploads\/photo-new.jpg","datePublished":"2025-01-31T10:14:06+00:00","dateModified":"2025-01-31T10:14:46+00:00","breadcrumb":{"@id":"https:\/\/ajaxworldmagazine.com\/over-het-bedrijf\/#breadcrumb"},"inLanguage":"ro-RO","potentialAction":[{"@type":"ReadAction","target":["https:\/\/ajaxworldmagazine.com\/over-het-bedrijf\/"]}]},{"@type":"ImageObject","inLanguage":"ro-RO","@id":"https:\/\/ajaxworldmagazine.com\/over-het-bedrijf\/#primaryimage","url":"https:\/\/ajaxworldmagazine.com\/wp-content\/uploads\/photo-new.jpg","contentUrl":"https:\/\/ajaxworldmagazine.com\/wp-content\/uploads\/photo-new.jpg"},{"@type":"BreadcrumbList","@id":"https:\/\/ajaxworldmagazine.com\/over-het-bedrijf\/#breadcrumb","itemListElement":[{"@type":"ListItem","position":1,"name":"Home","item":"https:\/\/ajaxworldmagazine.com\/"},{"@type":"ListItem","position":2,"name":"Over het bedrijf"}]},{"@type":"WebSite","@id":"https:\/\/ajaxworldmagazine.com\/#website","url":"https:\/\/ajaxworldmagazine.com\/","name":"ajaxworldmagazine.com","description":"Ontdek de nieuwste modetrends, stijlinspiratie en kledingadvies voor elke gelegenheid!","potentialAction":[{"@type":"SearchAction","target":{"@type":"EntryPoint","urlTemplate":"https:\/\/ajaxworldmagazine.com\/?s={search_term_string}"},"query-input":"required name=search_term_string"}],"inLanguage":"ro-RO"}]}},"yoast_meta":{"yoast_wpseo_title":"","yoast_wpseo_metadesc":"","yoast_wpseo_canonical":"https:\/\/ajaxworldmagazine.com\/ro\/wp-json\/wp\/v2\/pages\/42"},"_links":{"self":[{"href":"https:\/\/ajaxworldmagazine.com\/ro\/wp-json\/wp\/v2\/pages\/42","targetHints":{"allow":["GET"]}}],"collection":[{"href":"https:\/\/ajaxworldmagazine.com\/ro\/wp-json\/wp\/v2\/pages"}],"about":[{"href":"https:\/\/ajaxworldmagazine.com\/ro\/wp-json\/wp\/v2\/types\/page"}],"author":[{"embeddable":true,"href":"https:\/\/ajaxworldmagazine.com\/ro\/wp-json\/wp\/v2\/users\/1"}],"replies":[{"embeddable":true,"href":"https:\/\/ajaxworldmagazine.com\/ro\/wp-json\/wp\/v2\/comments?post=42"}],"version-history":[{"count":2,"href":"https:\/\/ajaxworldmagazine.com\/ro\/wp-json\/wp\/v2\/pages\/42\/revisions"}],"predecessor-version":[{"id":45,"href":"https:\/\/ajaxworldmagazine.com\/ro\/wp-json\/wp\/v2\/pages\/42\/revisions\/45"}],"wp:attachment":[{"href":"https:\/\/ajaxworldmagazine.com\/ro\/wp-json\/wp\/v2\/media?parent=42"}],"curies":[{"name":"wp","href":"https:\/\/api.w.org\/{rel}","templated":true}]}}