{"id":46,"date":"2025-01-31T10:16:13","date_gmt":"2025-01-31T10:16:13","guid":{"rendered":"https:\/\/ajaxworldmagazine.com\/?page_id=46"},"modified":"2025-01-31T10:16:15","modified_gmt":"2025-01-31T10:16:15","slug":"contact","status":"publish","type":"page","link":"https:\/\/ajaxworldmagazine.com\/ro\/contact\/","title":{"rendered":"Contact"},"content":{"rendered":"<p>V\u0103 mul\u021bumim pentru interesul acordat <strong>Revista Ajax World<\/strong>Ave\u021bi \u00eentreb\u0103ri, comentarii sau sugestii despre articolele sau produsele noastre? Nu ezita\u021bi s\u0103 ne contacta\u021bi folosind datele de mai jos sau s\u0103 ne trimite\u021bi un mesaj prin intermediul formularului de feedback.<\/p>\n<h2>E-mail<\/h2>\n<p>Ave\u021bi o \u00eentrebare specific\u0103 sau dori\u021bi s\u0103 ne trimite\u021bi sugestiile dvs.? V\u0103 rug\u0103m s\u0103 ne contacta\u021bi prin intermediul <a href=\"mailto:info@ajaxworldmagazine.com\">info@ajaxworldmagazine.com<\/a>Vom face tot posibilul s\u0103 r\u0103spundem \u00een termen de 24 de ore.<\/p>\n<h2>Formular de feedback<\/h2>\n<p>V\u0103 rug\u0103m s\u0103 folosi\u021bi formularul de mai jos pentru a ne contacta. Completa\u021bi c\u00e2mpurile \u0219i v\u0103 vom contacta c\u00e2t mai cur\u00e2nd posibil:<\/p>\n<form action=\"\/ro\/verzenden\/\" method=\"post\" data-trp-original-action=\"\/verzenden\">\n        <label for=\"naam\">Nume:<\/label><br \/>\n        <input type=\"text\" id=\"naam\" name=\"naam\" required><\/p>\n<p>        <label for=\"email\">E-mail:<\/label><br \/>\n        <input type=\"email\" id=\"email\" name=\"email\" required><\/p>\n<p>        <label for=\"onderwerp\">Subiect:<\/label><br \/>\n        <input type=\"text\" id=\"onderwerp\" name=\"onderwerp\" required><\/p>\n<p>        <label for=\"bericht\">Mesaj:<\/label><br \/>\n        <textarea id=\"bericht\" name=\"bericht\" rows=\"5\" required><\/textarea><\/p>\n<p>        <button type=\"submit\">Trimite<\/button><br \/>\n    <input type=\"hidden\" name=\"trp-form-language\" value=\"ro\"\/><\/form>\n<p><\/body><br \/>\n<\/html><\/p>","protected":false},"excerpt":{"rendered":"<p>V\u0103 mul\u021bumim pentru interesul acordat revistei Ajax World Magazine. Ave\u021bi \u00eentreb\u0103ri, comentarii sau sugestii despre articolele sau produsele noastre? Nu ezita\u021bi s\u0103 ne contacta\u021bi folosind informa\u021biile de mai jos sau s\u0103 ne trimite\u021bi un mesaj prin intermediul formularului de feedback. E-mail: Ave\u021bi o \u00eentrebare specific\u0103 sau dori\u021bi s\u0103 ne trimite\u021bi sugestiile dvs. Contacta\u021bi-ne la info@ajaxworldmagazine.com. Noi...<\/p>","protected":false},"author":1,"featured_media":0,"parent":0,"menu_order":0,"comment_status":"closed","ping_status":"closed","template":"","meta":{"_acf_changed":false,"footnotes":""},"class_list":["post-46","page","type-page","status-publish","hentry"],"acf":[],"yoast_head":"<!-- This site is optimized with the Yoast SEO plugin v23.2 - https:\/\/yoast.com\/wordpress\/plugins\/seo\/ -->\n<title>Contact - ajaxworldmagazine.com<\/title>\n<meta name=\"robots\" content=\"index, follow, max-snippet:-1, max-image-preview:large, max-video-preview:-1\" \/>\n<link rel=\"canonical\" href=\"https:\/\/ajaxworldmagazine.com\/ro\/contact\/\" \/>\n<meta property=\"og:locale\" content=\"ro_RO\" \/>\n<meta property=\"og:type\" content=\"article\" \/>\n<meta property=\"og:title\" content=\"Contact - ajaxworldmagazine.com\" \/>\n<meta property=\"og:description\" content=\"Dank je voor je interesse in Ajax World Magazine. Heb je vragen, opmerkingen of suggesties over onze artikelen of producten? Neem gerust contact met ons op via de onderstaande gegevens of stuur ons een bericht via het feedbackformulier. E-mail Heb je een specifieke vraag of wil je ons je suggesties sturen? Neem contact met ons op via info@ajaxworldmagazine.com. We doen&#046;&#046;&#046;\" \/>\n<meta property=\"og:url\" content=\"https:\/\/ajaxworldmagazine.com\/ro\/contact\/\" \/>\n<meta property=\"og:site_name\" content=\"ajaxworldmagazine.com\" \/>\n<meta property=\"article:modified_time\" content=\"2025-01-31T10:16:15+00:00\" \/>\n<meta name=\"twitter:card\" content=\"summary_large_image\" \/>\n<meta name=\"twitter:label1\" content=\"Timp estimat pentru citire\" \/>\n\t<meta name=\"twitter:data1\" content=\"1 minut\" \/>\n<script type=\"application\/ld+json\" class=\"yoast-schema-graph\">{\"@context\":\"https:\/\/schema.org\",\"@graph\":[{\"@type\":\"WebPage\",\"@id\":\"https:\/\/ajaxworldmagazine.com\/contact\/\",\"url\":\"https:\/\/ajaxworldmagazine.com\/contact\/\",\"name\":\"Contact - ajaxworldmagazine.com\",\"isPartOf\":{\"@id\":\"https:\/\/ajaxworldmagazine.com\/#website\"},\"datePublished\":\"2025-01-31T10:16:13+00:00\",\"dateModified\":\"2025-01-31T10:16:15+00:00\",\"breadcrumb\":{\"@id\":\"https:\/\/ajaxworldmagazine.com\/contact\/#breadcrumb\"},\"inLanguage\":\"ro-RO\",\"potentialAction\":[{\"@type\":\"ReadAction\",\"target\":[\"https:\/\/ajaxworldmagazine.com\/contact\/\"]}]},{\"@type\":\"BreadcrumbList\",\"@id\":\"https:\/\/ajaxworldmagazine.com\/contact\/#breadcrumb\",\"itemListElement\":[{\"@type\":\"ListItem\",\"position\":1,\"name\":\"Home\",\"item\":\"https:\/\/ajaxworldmagazine.com\/\"},{\"@type\":\"ListItem\",\"position\":2,\"name\":\"Contact\"}]},{\"@type\":\"WebSite\",\"@id\":\"https:\/\/ajaxworldmagazine.com\/#website\",\"url\":\"https:\/\/ajaxworldmagazine.com\/\",\"name\":\"ajaxworldmagazine.com\",\"description\":\"Ontdek de nieuwste modetrends, stijlinspiratie en kledingadvies voor elke gelegenheid!\",\"potentialAction\":[{\"@type\":\"SearchAction\",\"target\":{\"@type\":\"EntryPoint\",\"urlTemplate\":\"https:\/\/ajaxworldmagazine.com\/?s={search_term_string}\"},\"query-input\":\"required name=search_term_string\"}],\"inLanguage\":\"ro-RO\"}]}<\/script>\n<!-- \/ Yoast SEO plugin. -->","yoast_head_json":{"title":"Contact - ajaxworldmagazine.com","robots":{"index":"index","follow":"follow","max-snippet":"max-snippet:-1","max-image-preview":"max-image-preview:large","max-video-preview":"max-video-preview:-1"},"canonical":"https:\/\/ajaxworldmagazine.com\/ro\/contact\/","og_locale":"ro_RO","og_type":"article","og_title":"Contact - ajaxworldmagazine.com","og_description":"Dank je voor je interesse in Ajax World Magazine. Heb je vragen, opmerkingen of suggesties over onze artikelen of producten? Neem gerust contact met ons op via de onderstaande gegevens of stuur ons een bericht via het feedbackformulier. E-mail Heb je een specifieke vraag of wil je ons je suggesties sturen? Neem contact met ons op via info@ajaxworldmagazine.com. We doen&#46;&#46;&#46;","og_url":"https:\/\/ajaxworldmagazine.com\/ro\/contact\/","og_site_name":"ajaxworldmagazine.com","article_modified_time":"2025-01-31T10:16:15+00:00","twitter_card":"summary_large_image","twitter_misc":{"Timp estimat pentru citire":"1 minut"},"schema":{"@context":"https:\/\/schema.org","@graph":[{"@type":"WebPage","@id":"https:\/\/ajaxworldmagazine.com\/contact\/","url":"https:\/\/ajaxworldmagazine.com\/contact\/","name":"Contact - ajaxworldmagazine.com","isPartOf":{"@id":"https:\/\/ajaxworldmagazine.com\/#website"},"datePublished":"2025-01-31T10:16:13+00:00","dateModified":"2025-01-31T10:16:15+00:00","breadcrumb":{"@id":"https:\/\/ajaxworldmagazine.com\/contact\/#breadcrumb"},"inLanguage":"ro-RO","potentialAction":[{"@type":"ReadAction","target":["https:\/\/ajaxworldmagazine.com\/contact\/"]}]},{"@type":"BreadcrumbList","@id":"https:\/\/ajaxworldmagazine.com\/contact\/#breadcrumb","itemListElement":[{"@type":"ListItem","position":1,"name":"Home","item":"https:\/\/ajaxworldmagazine.com\/"},{"@type":"ListItem","position":2,"name":"Contact"}]},{"@type":"WebSite","@id":"https:\/\/ajaxworldmagazine.com\/#website","url":"https:\/\/ajaxworldmagazine.com\/","name":"ajaxworldmagazine.com","description":"Ontdek de nieuwste modetrends, stijlinspiratie en kledingadvies voor elke gelegenheid!","potentialAction":[{"@type":"SearchAction","target":{"@type":"EntryPoint","urlTemplate":"https:\/\/ajaxworldmagazine.com\/?s={search_term_string}"},"query-input":"required name=search_term_string"}],"inLanguage":"ro-RO"}]}},"yoast_meta":{"yoast_wpseo_title":"","yoast_wpseo_metadesc":"","yoast_wpseo_canonical":"https:\/\/ajaxworldmagazine.com\/ro\/wp-json\/wp\/v2\/pages\/46"},"_links":{"self":[{"href":"https:\/\/ajaxworldmagazine.com\/ro\/wp-json\/wp\/v2\/pages\/46","targetHints":{"allow":["GET"]}}],"collection":[{"href":"https:\/\/ajaxworldmagazine.com\/ro\/wp-json\/wp\/v2\/pages"}],"about":[{"href":"https:\/\/ajaxworldmagazine.com\/ro\/wp-json\/wp\/v2\/types\/page"}],"author":[{"embeddable":true,"href":"https:\/\/ajaxworldmagazine.com\/ro\/wp-json\/wp\/v2\/users\/1"}],"replies":[{"embeddable":true,"href":"https:\/\/ajaxworldmagazine.com\/ro\/wp-json\/wp\/v2\/comments?post=46"}],"version-history":[{"count":1,"href":"https:\/\/ajaxworldmagazine.com\/ro\/wp-json\/wp\/v2\/pages\/46\/revisions"}],"predecessor-version":[{"id":47,"href":"https:\/\/ajaxworldmagazine.com\/ro\/wp-json\/wp\/v2\/pages\/46\/revisions\/47"}],"wp:attachment":[{"href":"https:\/\/ajaxworldmagazine.com\/ro\/wp-json\/wp\/v2\/media?parent=46"}],"curies":[{"name":"wp","href":"https:\/\/api.w.org\/{rel}","templated":true}]}}